{"id":10,"date":"2025-08-30T18:30:03","date_gmt":"2025-08-30T18:30:03","guid":{"rendered":"https:\/\/nutricemm.es\/offerings\/"},"modified":"2025-09-08T02:10:14","modified_gmt":"2025-09-08T02:10:14","slug":"servicios","status":"publish","type":"page","link":"https:\/\/nutricemm.es\/en\/servicios\/","title":{"rendered":"Servicios"},"content":{"rendered":"<div data-elementor-type=\"wp-page\" data-elementor-id=\"10\" class=\"elementor elementor-10\">\n\t\t\t\t<div class=\"elementor-element elementor-element-be4946a e-flex e-con-boxed e-con e-parent\" data-id=\"be4946a\" data-element_type=\"container\" data-settings=\"{&quot;background_background&quot;:&quot;classic&quot;}\">\n\t\t\t\t\t<div class=\"e-con-inner\">\n\t\t\t\t<div class=\"elementor-element elementor-element-7ddd89c elementor-widget__width-initial elementor-widget elementor-widget-heading\" data-id=\"7ddd89c\" data-element_type=\"widget\" data-widget_type=\"heading.default\">\n\t\t\t\t<div class=\"elementor-widget-container\">\n\t\t\t\t\t<p class=\"elementor-heading-title elementor-size-default\">Soluciones que transforman tu vida<\/p>\t\t\t\t<\/div>\n\t\t\t\t<\/div>\n\t\t\t\t<div class=\"elementor-element elementor-element-2a5fe3d elementor-widget__width-initial elementor-widget elementor-widget-heading\" data-id=\"2a5fe3d\" data-element_type=\"widget\" data-widget_type=\"heading.default\">\n\t\t\t\t<div class=\"elementor-widget-container\">\n\t\t\t\t\t<h1 class=\"elementor-heading-title elementor-size-default\">Servicios pensados para transformar tu bienestar<\/h1>\t\t\t\t<\/div>\n\t\t\t\t<\/div>\n\t\t\t\t\t<\/div>\n\t\t\t\t<\/div>\n\t\t<div class=\"elementor-element elementor-element-691ff04 e-flex e-con-boxed e-con e-parent\" data-id=\"691ff04\" data-element_type=\"container\">\n\t\t\t\t\t<div class=\"e-con-inner\">\n\t\t<div class=\"elementor-element elementor-element-a1166af e-con-full e-flex e-con e-child\" data-id=\"a1166af\" data-element_type=\"container\" data-settings=\"{&quot;background_background&quot;:&quot;classic&quot;}\">\n\t\t<div class=\"elementor-element elementor-element-0bcec18 e-con-full e-flex e-con e-child\" data-id=\"0bcec18\" data-element_type=\"container\" data-settings=\"{&quot;background_background&quot;:&quot;classic&quot;}\">\n\t\t\t\t<div class=\"elementor-element elementor-element-315f48a elementor-widget elementor-widget-heading\" data-id=\"315f48a\" data-element_type=\"widget\" data-widget_type=\"heading.default\">\n\t\t\t\t<div class=\"elementor-widget-container\">\n\t\t\t\t\t<p class=\"elementor-heading-title elementor-size-default\">01<\/p>\t\t\t\t<\/div>\n\t\t\t\t<\/div>\n\t\t\t\t<div class=\"elementor-element elementor-element-c023a65 elementor-widget elementor-widget-hfe-infocard\" data-id=\"c023a65\" data-element_type=\"widget\" data-widget_type=\"hfe-infocard.default\">\n\t\t\t\t<div class=\"elementor-widget-container\">\n\t\t\t\t\t\n\t\t<div class=\"hfe-infocard\">\n\t\t\t\t\t\t\t\t\t<div class=\"hfe-infocard-title-wrap\">\n\t\t\t\t<h2 class=\"hfe-infocard-title elementor-inline-editing\" data-elementor-setting-key=\"infocard_title\" data-elementor-inline-editing-toolbar=\"basic\" >Consultas personalizadas<\/h2>\t\t\t<\/div>\n\t\t\t\t\t\t<div class=\"hfe-infocard-text-wrap\">\n\t\t\t\t<div class=\"hfe-infocard-text elementor-inline-editing\" data-elementor-setting-key=\"infocard_description\" data-elementor-inline-editing-toolbar=\"advanced\">\n\t\t\t\t\tAtenci\u00f3n online y presencial adaptada a tu estilo de vida. Juntas revisaremos tu alimentaci\u00f3n, h\u00e1bitos y emociones para crear un plan realista y sostenible. No se trata de prohibiciones, sino de aprender a comer con conciencia y disfrute.\t\t\t\t<\/div>\n\t\t\t\t\t\t\t<\/div>\n\t\t<\/div>\n\n\t\t\t\t\t\t<\/div>\n\t\t\t\t<\/div>\n\t\t\t\t<\/div>\n\t\t<div class=\"elementor-element elementor-element-d22ea8e e-con-full e-flex e-con e-child\" data-id=\"d22ea8e\" data-element_type=\"container\">\n\t\t\t\t<div class=\"elementor-element elementor-element-968f6bf elementor-widget elementor-widget-image\" data-id=\"968f6bf\" data-element_type=\"widget\" data-widget_type=\"image.default\">\n\t\t\t\t<div class=\"elementor-widget-container\">\n\t\t\t\t\t\t\t\t\t\t\t\t\t\t\t<img fetchpriority=\"high\" decoding=\"async\" width=\"800\" height=\"600\" src=\"https:\/\/nutricemm.es\/wp-content\/uploads\/2025\/08\/11.png\" class=\"attachment-full size-full wp-image-1201\" alt=\"\" srcset=\"https:\/\/nutricemm.es\/wp-content\/uploads\/2025\/08\/11.png 800w, https:\/\/nutricemm.es\/wp-content\/uploads\/2025\/08\/11-300x225.png 300w, https:\/\/nutricemm.es\/wp-content\/uploads\/2025\/08\/11-768x576.png 768w\" sizes=\"(max-width: 800px) 100vw, 800px\" \/>\t\t\t\t\t\t\t\t\t\t\t\t\t\t\t<\/div>\n\t\t\t\t<\/div>\n\t\t\t\t<\/div>\n\t\t\t\t<\/div>\n\t\t<div class=\"elementor-element elementor-element-bab6116 e-con-full e-flex e-con e-child\" data-id=\"bab6116\" data-element_type=\"container\" data-settings=\"{&quot;background_background&quot;:&quot;classic&quot;}\">\n\t\t<div class=\"elementor-element elementor-element-046f758 e-con-full e-flex e-con e-child\" data-id=\"046f758\" data-element_type=\"container\" data-settings=\"{&quot;background_background&quot;:&quot;classic&quot;}\">\n\t\t\t\t<div class=\"elementor-element elementor-element-4be261e elementor-widget elementor-widget-heading\" data-id=\"4be261e\" data-element_type=\"widget\" data-widget_type=\"heading.default\">\n\t\t\t\t<div class=\"elementor-widget-container\">\n\t\t\t\t\t<p class=\"elementor-heading-title elementor-size-default\">02<\/p>\t\t\t\t<\/div>\n\t\t\t\t<\/div>\n\t\t\t\t<div class=\"elementor-element elementor-element-c4961db elementor-widget elementor-widget-hfe-infocard\" data-id=\"c4961db\" data-element_type=\"widget\" data-widget_type=\"hfe-infocard.default\">\n\t\t\t\t<div class=\"elementor-widget-container\">\n\t\t\t\t\t\n\t\t<div class=\"hfe-infocard\">\n\t\t\t\t\t\t\t\t\t<div class=\"hfe-infocard-title-wrap\">\n\t\t\t\t<h2 class=\"hfe-infocard-title elementor-inline-editing\" data-elementor-setting-key=\"infocard_title\" data-elementor-inline-editing-toolbar=\"basic\" >Programa CEMM Vital<\/h2>\t\t\t<\/div>\n\t\t\t\t\t\t<div class=\"hfe-infocard-text-wrap\">\n\t\t\t\t<div class=\"hfe-infocard-text elementor-inline-editing\" data-elementor-setting-key=\"infocard_description\" data-elementor-inline-editing-toolbar=\"advanced\">\n\t\t\t\t\tUn acompa\u00f1amiento exclusivo para ayudarte a reconectar contigo misma, recuperar tu energ\u00eda y transformar tu relaci\u00f3n con la comida. A trav\u00e9s de nutrici\u00f3n consciente, educaci\u00f3n alimentaria y seguimiento cercano, lograr\u00e1s resultados reales y duraderos.\t\t\t\t<\/div>\n\t\t\t\t\t\t\t<\/div>\n\t\t<\/div>\n\n\t\t\t\t\t\t<\/div>\n\t\t\t\t<\/div>\n\t\t\t\t<\/div>\n\t\t<div class=\"elementor-element elementor-element-86b7a68 e-con-full e-flex e-con e-child\" data-id=\"86b7a68\" data-element_type=\"container\" data-settings=\"{&quot;background_background&quot;:&quot;classic&quot;}\">\n\t\t\t\t<div class=\"elementor-element elementor-element-f4aa73f elementor-widget elementor-widget-image\" data-id=\"f4aa73f\" data-element_type=\"widget\" data-widget_type=\"image.default\">\n\t\t\t\t<div class=\"elementor-widget-container\">\n\t\t\t\t\t\t\t\t\t\t\t\t\t\t\t<img decoding=\"async\" width=\"800\" height=\"600\" src=\"https:\/\/nutricemm.es\/wp-content\/uploads\/2025\/08\/10.png\" class=\"attachment-large size-large wp-image-1200\" alt=\"\" srcset=\"https:\/\/nutricemm.es\/wp-content\/uploads\/2025\/08\/10.png 800w, https:\/\/nutricemm.es\/wp-content\/uploads\/2025\/08\/10-300x225.png 300w, https:\/\/nutricemm.es\/wp-content\/uploads\/2025\/08\/10-768x576.png 768w\" sizes=\"(max-width: 800px) 100vw, 800px\" \/>\t\t\t\t\t\t\t\t\t\t\t\t\t\t\t<\/div>\n\t\t\t\t<\/div>\n\t\t\t\t<\/div>\n\t\t\t\t<\/div>\n\t\t<div class=\"elementor-element elementor-element-fd01a79 e-con-full e-flex e-con e-child\" data-id=\"fd01a79\" data-element_type=\"container\" data-settings=\"{&quot;background_background&quot;:&quot;classic&quot;}\">\n\t\t<div class=\"elementor-element elementor-element-72d579d e-con-full e-flex e-con e-child\" data-id=\"72d579d\" data-element_type=\"container\" data-settings=\"{&quot;background_background&quot;:&quot;classic&quot;}\">\n\t\t\t\t<div class=\"elementor-element elementor-element-4164a59 elementor-widget elementor-widget-heading\" data-id=\"4164a59\" data-element_type=\"widget\" data-widget_type=\"heading.default\">\n\t\t\t\t<div class=\"elementor-widget-container\">\n\t\t\t\t\t<p class=\"elementor-heading-title elementor-size-default\">03<\/p>\t\t\t\t<\/div>\n\t\t\t\t<\/div>\n\t\t\t\t<div class=\"elementor-element elementor-element-109897f elementor-widget elementor-widget-hfe-infocard\" data-id=\"109897f\" data-element_type=\"widget\" data-widget_type=\"hfe-infocard.default\">\n\t\t\t\t<div class=\"elementor-widget-container\">\n\t\t\t\t\t\n\t\t<div class=\"hfe-infocard\">\n\t\t\t\t\t\t\t\t\t<div class=\"hfe-infocard-title-wrap\">\n\t\t\t\t<h2 class=\"hfe-infocard-title elementor-inline-editing\" data-elementor-setting-key=\"infocard_title\" data-elementor-inline-editing-toolbar=\"basic\" >Test epigen\u00e9tico<\/h2>\t\t\t<\/div>\n\t\t\t\t\t\t<div class=\"hfe-infocard-text-wrap\">\n\t\t\t\t<div class=\"hfe-infocard-text elementor-inline-editing\" data-elementor-setting-key=\"infocard_description\" data-elementor-inline-editing-toolbar=\"advanced\">\n\t\t\t\t\tUna herramienta innovadora que permite descubrir c\u00f3mo tu gen\u00e9tica influye en tu nutrici\u00f3n y bienestar. Con esta informaci\u00f3n podr\u00e1s acceder a recomendaciones personalizadas que se adaptan a tu cuerpo, potenciando tu salud desde la ra\u00edz.\t\t\t\t<\/div>\n\t\t\t\t\t\t\t<\/div>\n\t\t<\/div>\n\n\t\t\t\t\t\t<\/div>\n\t\t\t\t<\/div>\n\t\t\t\t<\/div>\n\t\t<div class=\"elementor-element elementor-element-1e66a1a e-con-full e-flex e-con e-child\" data-id=\"1e66a1a\" data-element_type=\"container\" data-settings=\"{&quot;background_background&quot;:&quot;classic&quot;}\">\n\t\t\t\t<div class=\"elementor-element elementor-element-f17778c elementor-widget elementor-widget-image\" data-id=\"f17778c\" data-element_type=\"widget\" data-widget_type=\"image.default\">\n\t\t\t\t<div class=\"elementor-widget-container\">\n\t\t\t\t\t\t\t\t\t\t\t\t\t\t\t<img decoding=\"async\" width=\"800\" height=\"600\" src=\"https:\/\/nutricemm.es\/wp-content\/uploads\/2025\/08\/9.png\" class=\"attachment-full size-full wp-image-1199\" alt=\"\" srcset=\"https:\/\/nutricemm.es\/wp-content\/uploads\/2025\/08\/9.png 800w, https:\/\/nutricemm.es\/wp-content\/uploads\/2025\/08\/9-300x225.png 300w, https:\/\/nutricemm.es\/wp-content\/uploads\/2025\/08\/9-768x576.png 768w\" sizes=\"(max-width: 800px) 100vw, 800px\" \/>\t\t\t\t\t\t\t\t\t\t\t\t\t\t\t<\/div>\n\t\t\t\t<\/div>\n\t\t\t\t<\/div>\n\t\t\t\t<\/div>\n\t\t\t\t\t<\/div>\n\t\t\t\t<\/div>\n\t\t<div class=\"elementor-element elementor-element-1ffc6d25 e-flex e-con-boxed e-con e-parent\" data-id=\"1ffc6d25\" data-element_type=\"container\" data-settings=\"{&quot;background_background&quot;:&quot;classic&quot;}\">\n\t\t\t\t\t<div class=\"e-con-inner\">\n\t\t\t\t<div class=\"elementor-element elementor-element-5823e602 elementor-widget__width-initial elementor-widget elementor-widget-heading\" data-id=\"5823e602\" data-element_type=\"widget\" data-widget_type=\"heading.default\">\n\t\t\t\t<div class=\"elementor-widget-container\">\n\t\t\t\t\t<p class=\"elementor-heading-title elementor-size-default\">Empieza hoy tu camino hacia el bienestar<\/p>\t\t\t\t<\/div>\n\t\t\t\t<\/div>\n\t\t\t\t<div class=\"elementor-element elementor-element-74ed3136 elementor-widget__width-initial elementor-widget elementor-widget-heading\" data-id=\"74ed3136\" data-element_type=\"widget\" data-widget_type=\"heading.default\">\n\t\t\t\t<div class=\"elementor-widget-container\">\n\t\t\t\t\t<h2 class=\"elementor-heading-title elementor-size-default\">No se trata de restricciones, sino de un proceso de transformaci\u00f3n real. Da el primer paso hacia una vida m\u00e1s equilibrada y plena.<\/h2>\t\t\t\t<\/div>\n\t\t\t\t<\/div>\n\t\t\t\t<div class=\"elementor-element elementor-element-39d69c03 elementor-widget elementor-widget-button\" data-id=\"39d69c03\" data-element_type=\"widget\" data-widget_type=\"button.default\">\n\t\t\t\t<div class=\"elementor-widget-container\">\n\t\t\t\t\t\t\t\t\t<div class=\"elementor-button-wrapper\">\n\t\t\t\t\t<a class=\"elementor-button elementor-button-link elementor-size-sm\" href=\"https:\/\/wa.me\/34604918024\">\n\t\t\t\t\t\t<span class=\"elementor-button-content-wrapper\">\n\t\t\t\t\t\t\t\t\t<span class=\"elementor-button-text\">Agenda tu consulta con Marta<\/span>\n\t\t\t\t\t<\/span>\n\t\t\t\t\t<\/a>\n\t\t\t\t<\/div>\n\t\t\t\t\t\t\t\t<\/div>\n\t\t\t\t<\/div>\n\t\t\t\t\t<\/div>\n\t\t\t\t<\/div>\n\t\t\t\t<\/div>","protected":false},"excerpt":{"rendered":"<p>Soluciones que transforman tu vida Servicios pensados para transformar tu bienestar 01 Consultas personalizadas Atenci\u00f3n online y presencial adaptada a [&hellip;]<\/p>","protected":false},"author":1,"featured_media":0,"parent":0,"menu_order":0,"comment_status":"closed","ping_status":"closed","template":"","meta":{"site-sidebar-layout":"no-sidebar","site-content-layout":"","ast-site-content-layout":"full-width-container","site-content-style":"default","site-sidebar-style":"default","ast-global-header-display":"","ast-banner-title-visibility":"","ast-main-header-display":"","ast-hfb-above-header-display":"","ast-hfb-below-header-display":"","ast-hfb-mobile-header-display":"","site-post-title":"disabled","ast-breadcrumbs-content":"","ast-featured-img":"disabled","footer-sml-layout":"","theme-transparent-header-meta":"enabled","adv-header-id-meta":"","stick-header-meta":"","header-above-stick-meta":"","header-main-stick-meta":"","header-below-stick-meta":"","astra-migrate-meta-layouts":"default","ast-page-background-enabled":"default","ast-page-background-meta":{"desktop":{"background-color":"var(--ast-global-color-4)","background-image":"","background-repeat":"repeat","background-position":"center center","background-size":"auto","background-attachment":"scroll","background-type":"","background-media":"","overlay-type":"","overlay-color":"","overlay-opacity":"","overlay-gradient":""},"tablet":{"background-color":"","background-image":"","background-repeat":"repeat","background-position":"center center","background-size":"auto","background-attachment":"scroll","background-type":"","background-media":"","overlay-type":"","overlay-color":"","overlay-opacity":"","overlay-gradient":""},"mobile":{"background-color":"","background-image":"","background-repeat":"repeat","background-position":"center center","background-size":"auto","background-attachment":"scroll","background-type":"","background-media":"","overlay-type":"","overlay-color":"","overlay-opacity":"","overlay-gradient":""}},"ast-content-background-meta":{"desktop":{"background-color":"var(--ast-global-color-5)","background-image":"","background-repeat":"repeat","background-position":"center center","background-size":"auto","background-attachment":"scroll","background-type":"","background-media":"","overlay-type":"","overlay-color":"","overlay-opacity":"","overlay-gradient":""},"tablet":{"background-color":"var(--ast-global-color-5)","background-image":"","background-repeat":"repeat","background-position":"center center","background-size":"auto","background-attachment":"scroll","background-type":"","background-media":"","overlay-type":"","overlay-color":"","overlay-opacity":"","overlay-gradient":""},"mobile":{"background-color":"var(--ast-global-color-5)","background-image":"","background-repeat":"repeat","background-position":"center center","background-size":"auto","background-attachment":"scroll","background-type":"","background-media":"","overlay-type":"","overlay-color":"","overlay-opacity":"","overlay-gradient":""}},"_joinchat":[],"footnotes":""},"class_list":["post-10","page","type-page","status-publish","hentry"],"yoast_head":"<!-- This site is optimized with the Yoast SEO plugin v25.8 - https:\/\/yoast.com\/wordpress\/plugins\/seo\/ -->\n<title>Consultas de nutrici\u00f3n | Educaci\u00f3n, epigen\u00e9tica y planes<\/title>\n<meta name=\"description\" content=\"Consultas de nutrici\u00f3n con educaci\u00f3n alimentaria, test epigen\u00e9tico y planes a medida. Estrategias para h\u00e1bitos sostenibles.\" \/>\n<meta name=\"robots\" content=\"index, follow, max-snippet:-1, max-image-preview:large, max-video-preview:-1\" \/>\n<link rel=\"canonical\" href=\"https:\/\/nutricemm.es\/en\/servicios\/\" \/>\n<meta property=\"og:locale\" content=\"en_GB\" \/>\n<meta property=\"og:type\" content=\"article\" \/>\n<meta property=\"og:title\" content=\"Consultas de nutrici\u00f3n | Educaci\u00f3n, epigen\u00e9tica y planes\" \/>\n<meta property=\"og:description\" content=\"Consultas de nutrici\u00f3n con educaci\u00f3n alimentaria, test epigen\u00e9tico y planes a medida. Estrategias para h\u00e1bitos sostenibles.\" \/>\n<meta property=\"og:url\" content=\"https:\/\/nutricemm.es\/en\/servicios\/\" \/>\n<meta property=\"article:publisher\" content=\"https:\/\/www.facebook.com\/nutri.cemm\/\" \/>\n<meta property=\"article:modified_time\" content=\"2025-09-08T02:10:14+00:00\" \/>\n<meta property=\"og:image\" content=\"https:\/\/nutricemm.es\/wp-content\/uploads\/2025\/08\/11.png\" \/>\n<meta name=\"twitter:card\" content=\"summary_large_image\" \/>\n<meta name=\"twitter:label1\" content=\"Estimated reading time\" \/>\n\t<meta name=\"twitter:data1\" content=\"2 minutes\" \/>\n<script type=\"application\/ld+json\" class=\"yoast-schema-graph\">{\"@context\":\"https:\/\/schema.org\",\"@graph\":[{\"@type\":\"WebPage\",\"@id\":\"https:\/\/nutricemm.es\/servicios\/\",\"url\":\"https:\/\/nutricemm.es\/servicios\/\",\"name\":\"Consultas de nutrici\u00f3n | Educaci\u00f3n, epigen\u00e9tica y planes\",\"isPartOf\":{\"@id\":\"https:\/\/nutricemm.es\/#website\"},\"primaryImageOfPage\":{\"@id\":\"https:\/\/nutricemm.es\/servicios\/#primaryimage\"},\"image\":{\"@id\":\"https:\/\/nutricemm.es\/servicios\/#primaryimage\"},\"thumbnailUrl\":\"https:\/\/nutricemm.es\/wp-content\/uploads\/2025\/08\/11.png\",\"datePublished\":\"2025-08-30T18:30:03+00:00\",\"dateModified\":\"2025-09-08T02:10:14+00:00\",\"description\":\"Consultas de nutrici\u00f3n con educaci\u00f3n alimentaria, test epigen\u00e9tico y planes a medida. Estrategias para h\u00e1bitos sostenibles.\",\"breadcrumb\":{\"@id\":\"https:\/\/nutricemm.es\/servicios\/#breadcrumb\"},\"inLanguage\":\"en-GB\",\"potentialAction\":[{\"@type\":\"ReadAction\",\"target\":[\"https:\/\/nutricemm.es\/servicios\/\"]}]},{\"@type\":\"ImageObject\",\"inLanguage\":\"en-GB\",\"@id\":\"https:\/\/nutricemm.es\/servicios\/#primaryimage\",\"url\":\"https:\/\/nutricemm.es\/wp-content\/uploads\/2025\/08\/11.png\",\"contentUrl\":\"https:\/\/nutricemm.es\/wp-content\/uploads\/2025\/08\/11.png\"},{\"@type\":\"BreadcrumbList\",\"@id\":\"https:\/\/nutricemm.es\/servicios\/#breadcrumb\",\"itemListElement\":[{\"@type\":\"ListItem\",\"position\":1,\"name\":\"Home\",\"item\":\"https:\/\/nutricemm.es\/\"},{\"@type\":\"ListItem\",\"position\":2,\"name\":\"Servicios\"}]},{\"@type\":\"WebSite\",\"@id\":\"https:\/\/nutricemm.es\/#website\",\"url\":\"https:\/\/nutricemm.es\/\",\"name\":\"Marta Escorial Camps\",\"description\":\"Nutricemm\",\"publisher\":{\"@id\":\"https:\/\/nutricemm.es\/#organization\"},\"potentialAction\":[{\"@type\":\"SearchAction\",\"target\":{\"@type\":\"EntryPoint\",\"urlTemplate\":\"https:\/\/nutricemm.es\/?s={search_term_string}\"},\"query-input\":{\"@type\":\"PropertyValueSpecification\",\"valueRequired\":true,\"valueName\":\"search_term_string\"}}],\"inLanguage\":\"en-GB\"},{\"@type\":\"Organization\",\"@id\":\"https:\/\/nutricemm.es\/#organization\",\"name\":\"Marta Escorial Camps\",\"url\":\"https:\/\/nutricemm.es\/\",\"logo\":{\"@type\":\"ImageObject\",\"inLanguage\":\"en-GB\",\"@id\":\"https:\/\/nutricemm.es\/#\/schema\/logo\/image\/\",\"url\":\"https:\/\/nutricemm.es\/wp-content\/uploads\/2025\/08\/cropped-Diseno-sin-titulo-2025-08-30T155507.243-1.png\",\"contentUrl\":\"https:\/\/nutricemm.es\/wp-content\/uploads\/2025\/08\/cropped-Diseno-sin-titulo-2025-08-30T155507.243-1.png\",\"width\":512,\"height\":476,\"caption\":\"Marta Escorial Camps\"},\"image\":{\"@id\":\"https:\/\/nutricemm.es\/#\/schema\/logo\/image\/\"},\"sameAs\":[\"https:\/\/www.facebook.com\/nutri.cemm\/\",\"https:\/\/www.instagram.com\/nutri_cemm\"]}]}<\/script>\n<!-- \/ Yoast SEO plugin. -->","yoast_head_json":{"title":"Consultas de nutrici\u00f3n | Educaci\u00f3n, epigen\u00e9tica y planes","description":"Consultas de nutrici\u00f3n con educaci\u00f3n alimentaria, test epigen\u00e9tico y planes a medida. Estrategias para h\u00e1bitos sostenibles.","robots":{"index":"index","follow":"follow","max-snippet":"max-snippet:-1","max-image-preview":"max-image-preview:large","max-video-preview":"max-video-preview:-1"},"canonical":"https:\/\/nutricemm.es\/en\/servicios\/","og_locale":"en_GB","og_type":"article","og_title":"Consultas de nutrici\u00f3n | Educaci\u00f3n, epigen\u00e9tica y planes","og_description":"Consultas de nutrici\u00f3n con educaci\u00f3n alimentaria, test epigen\u00e9tico y planes a medida. Estrategias para h\u00e1bitos sostenibles.","og_url":"https:\/\/nutricemm.es\/en\/servicios\/","article_publisher":"https:\/\/www.facebook.com\/nutri.cemm\/","article_modified_time":"2025-09-08T02:10:14+00:00","og_image":[{"url":"https:\/\/nutricemm.es\/wp-content\/uploads\/2025\/08\/11.png","type":"","width":"","height":""}],"twitter_card":"summary_large_image","twitter_misc":{"Estimated reading time":"2 minutes"},"schema":{"@context":"https:\/\/schema.org","@graph":[{"@type":"WebPage","@id":"https:\/\/nutricemm.es\/servicios\/","url":"https:\/\/nutricemm.es\/servicios\/","name":"Consultas de nutrici\u00f3n | Educaci\u00f3n, epigen\u00e9tica y planes","isPartOf":{"@id":"https:\/\/nutricemm.es\/#website"},"primaryImageOfPage":{"@id":"https:\/\/nutricemm.es\/servicios\/#primaryimage"},"image":{"@id":"https:\/\/nutricemm.es\/servicios\/#primaryimage"},"thumbnailUrl":"https:\/\/nutricemm.es\/wp-content\/uploads\/2025\/08\/11.png","datePublished":"2025-08-30T18:30:03+00:00","dateModified":"2025-09-08T02:10:14+00:00","description":"Consultas de nutrici\u00f3n con educaci\u00f3n alimentaria, test epigen\u00e9tico y planes a medida. Estrategias para h\u00e1bitos sostenibles.","breadcrumb":{"@id":"https:\/\/nutricemm.es\/servicios\/#breadcrumb"},"inLanguage":"en-GB","potentialAction":[{"@type":"ReadAction","target":["https:\/\/nutricemm.es\/servicios\/"]}]},{"@type":"ImageObject","inLanguage":"en-GB","@id":"https:\/\/nutricemm.es\/servicios\/#primaryimage","url":"https:\/\/nutricemm.es\/wp-content\/uploads\/2025\/08\/11.png","contentUrl":"https:\/\/nutricemm.es\/wp-content\/uploads\/2025\/08\/11.png"},{"@type":"BreadcrumbList","@id":"https:\/\/nutricemm.es\/servicios\/#breadcrumb","itemListElement":[{"@type":"ListItem","position":1,"name":"Home","item":"https:\/\/nutricemm.es\/"},{"@type":"ListItem","position":2,"name":"Servicios"}]},{"@type":"WebSite","@id":"https:\/\/nutricemm.es\/#website","url":"https:\/\/nutricemm.es\/","name":"Marta Escorial Camps","description":"Nutricemm","publisher":{"@id":"https:\/\/nutricemm.es\/#organization"},"potentialAction":[{"@type":"SearchAction","target":{"@type":"EntryPoint","urlTemplate":"https:\/\/nutricemm.es\/?s={search_term_string}"},"query-input":{"@type":"PropertyValueSpecification","valueRequired":true,"valueName":"search_term_string"}}],"inLanguage":"en-GB"},{"@type":"Organization","@id":"https:\/\/nutricemm.es\/#organization","name":"Marta Escorial Camps","url":"https:\/\/nutricemm.es\/","logo":{"@type":"ImageObject","inLanguage":"en-GB","@id":"https:\/\/nutricemm.es\/#\/schema\/logo\/image\/","url":"https:\/\/nutricemm.es\/wp-content\/uploads\/2025\/08\/cropped-Diseno-sin-titulo-2025-08-30T155507.243-1.png","contentUrl":"https:\/\/nutricemm.es\/wp-content\/uploads\/2025\/08\/cropped-Diseno-sin-titulo-2025-08-30T155507.243-1.png","width":512,"height":476,"caption":"Marta Escorial Camps"},"image":{"@id":"https:\/\/nutricemm.es\/#\/schema\/logo\/image\/"},"sameAs":["https:\/\/www.facebook.com\/nutri.cemm\/","https:\/\/www.instagram.com\/nutri_cemm"]}]}},"_links":{"self":[{"href":"https:\/\/nutricemm.es\/en\/wp-json\/wp\/v2\/pages\/10","targetHints":{"allow":["GET"]}}],"collection":[{"href":"https:\/\/nutricemm.es\/en\/wp-json\/wp\/v2\/pages"}],"about":[{"href":"https:\/\/nutricemm.es\/en\/wp-json\/wp\/v2\/types\/page"}],"author":[{"embeddable":true,"href":"https:\/\/nutricemm.es\/en\/wp-json\/wp\/v2\/users\/1"}],"replies":[{"embeddable":true,"href":"https:\/\/nutricemm.es\/en\/wp-json\/wp\/v2\/comments?post=10"}],"version-history":[{"count":7,"href":"https:\/\/nutricemm.es\/en\/wp-json\/wp\/v2\/pages\/10\/revisions"}],"predecessor-version":[{"id":1235,"href":"https:\/\/nutricemm.es\/en\/wp-json\/wp\/v2\/pages\/10\/revisions\/1235"}],"wp:attachment":[{"href":"https:\/\/nutricemm.es\/en\/wp-json\/wp\/v2\/media?parent=10"}],"curies":[{"name":"wp","href":"https:\/\/api.w.org\/{rel}","templated":true}]}}